{"id":84,"date":"2023-06-28T09:07:25","date_gmt":"2023-06-28T07:07:25","guid":{"rendered":"http:\/\/homepage.30-jahre-bmp.de\/?page_id=84"},"modified":"2025-03-06T19:53:43","modified_gmt":"2025-03-06T18:53:43","slug":"produkte","status":"publish","type":"page","link":"https:\/\/helago-pharma.de\/en\/produkte\/","title":{"rendered":"Products"},"content":{"rendered":"<div data-elementor-type=\"wp-page\" data-elementor-id=\"84\" class=\"elementor elementor-84\" data-elementor-settings=\"{&quot;element_pack_global_tooltip_width&quot;:{&quot;unit&quot;:&quot;px&quot;,&quot;size&quot;:&quot;&quot;,&quot;sizes&quot;:[]},&quot;element_pack_global_tooltip_width_tablet&quot;:{&quot;unit&quot;:&quot;px&quot;,&quot;size&quot;:&quot;&quot;,&quot;sizes&quot;:[]},&quot;element_pack_global_tooltip_width_mobile&quot;:{&quot;unit&quot;:&quot;px&quot;,&quot;size&quot;:&quot;&quot;,&quot;sizes&quot;:[]},&quot;element_pack_global_tooltip_padding&quot;:{&quot;unit&quot;:&quot;px&quot;,&quot;top&quot;:&quot;&quot;,&quot;right&quot;:&quot;&quot;,&quot;bottom&quot;:&quot;&quot;,&quot;left&quot;:&quot;&quot;,&quot;isLinked&quot;:true},&quot;element_pack_global_tooltip_padding_tablet&quot;:{&quot;unit&quot;:&quot;px&quot;,&quot;top&quot;:&quot;&quot;,&quot;right&quot;:&quot;&quot;,&quot;bottom&quot;:&quot;&quot;,&quot;left&quot;:&quot;&quot;,&quot;isLinked&quot;:true},&quot;element_pack_global_tooltip_padding_mobile&quot;:{&quot;unit&quot;:&quot;px&quot;,&quot;top&quot;:&quot;&quot;,&quot;right&quot;:&quot;&quot;,&quot;bottom&quot;:&quot;&quot;,&quot;left&quot;:&quot;&quot;,&quot;isLinked&quot;:true},&quot;element_pack_global_tooltip_border_radius&quot;:{&quot;unit&quot;:&quot;px&quot;,&quot;top&quot;:&quot;&quot;,&quot;right&quot;:&quot;&quot;,&quot;bottom&quot;:&quot;&quot;,&quot;left&quot;:&quot;&quot;,&quot;isLinked&quot;:true},&quot;element_pack_global_tooltip_border_radius_tablet&quot;:{&quot;unit&quot;:&quot;px&quot;,&quot;top&quot;:&quot;&quot;,&quot;right&quot;:&quot;&quot;,&quot;bottom&quot;:&quot;&quot;,&quot;left&quot;:&quot;&quot;,&quot;isLinked&quot;:true},&quot;element_pack_global_tooltip_border_radius_mobile&quot;:{&quot;unit&quot;:&quot;px&quot;,&quot;top&quot;:&quot;&quot;,&quot;right&quot;:&quot;&quot;,&quot;bottom&quot;:&quot;&quot;,&quot;left&quot;:&quot;&quot;,&quot;isLinked&quot;:true}}\" data-elementor-post-type=\"page\">\n\t\t\t\t\t\t<section data-particle_enable=\"false\" data-particle-mobile-disabled=\"false\" class=\"elementor-section elementor-top-section elementor-element elementor-element-418a6ea elementor-section-boxed elementor-section-height-default elementor-section-height-default\" data-id=\"418a6ea\" data-element_type=\"section\" data-settings=\"{&quot;background_background&quot;:&quot;classic&quot;,&quot;animation_mobile&quot;:&quot;none&quot;}\">\n\t\t\t\t\t\t<div class=\"elementor-container elementor-column-gap-no\">\n\t\t\t\t\t<div class=\"elementor-column elementor-col-100 elementor-top-column elementor-element elementor-element-9e8250e\" data-id=\"9e8250e\" data-element_type=\"column\">\n\t\t\t<div class=\"elementor-widget-wrap elementor-element-populated\">\n\t\t\t\t\t\t<div class=\"elementor-element elementor-element-091b3a7 elementor-invisible elementor-widget elementor-widget-heading\" data-id=\"091b3a7\" data-element_type=\"widget\" data-settings=\"{&quot;_animation&quot;:&quot;fadeInUp&quot;,&quot;_animation_mobile&quot;:&quot;fadeIn&quot;}\" data-widget_type=\"heading.default\">\n\t\t\t\t<div class=\"elementor-widget-container\">\n\t\t\t\t\t<h3 class=\"elementor-heading-title elementor-size-default\">Products<\/h3>\t\t\t\t<\/div>\n\t\t\t\t<\/div>\n\t\t\t\t<div class=\"elementor-element elementor-element-ef60b7a elementor-invisible elementor-widget elementor-widget-text-editor\" data-id=\"ef60b7a\" data-element_type=\"widget\" data-settings=\"{&quot;_animation&quot;:&quot;fadeInUp&quot;,&quot;_animation_delay&quot;:200,&quot;_animation_mobile&quot;:&quot;fadeIn&quot;}\" data-widget_type=\"text-editor.default\">\n\t\t\t\t<div class=\"elementor-widget-container\">\n\t\t\t\t\t\t\t\t\t<div class=\"page\" title=\"Page 1\"><div class=\"section\"><div class=\"layoutArea\"><div class=\"column\"><p>The Helago\u00ae Oral Care products are produced under highest quality standards exclusively in Germany. For many years national and international partners have sold the products based on our approved formulations in over 40 countries.<\/p><p>The development of your products and portfolio will benefit from the wide range of oral care products and formulations we can provide. What makes the variety the more attractive is the big scope of packaging options: paper folding boxes, tubes, bottles, blisters (outside EU) but also tablets delivered in bulk. Helago\u00ae is ISO 13485 certified and your reliable and over 90 years experiences partner.<span class=\"Apple-converted-space\">\u00a0<\/span><\/p><p>The complete range is available also under Helago\u00ae brand dentipur\u00ae.<\/p><\/div><\/div><\/div><\/div>\t\t\t\t\t\t\t\t<\/div>\n\t\t\t\t<\/div>\n\t\t\t\t<div class=\"elementor-element elementor-element-03b93fd elementor-invisible elementor-widget elementor-widget-image\" data-id=\"03b93fd\" data-element_type=\"widget\" data-settings=\"{&quot;_animation&quot;:&quot;zoomIn&quot;,&quot;_animation_delay&quot;:400,&quot;_animation_mobile&quot;:&quot;fadeIn&quot;}\" data-widget_type=\"image.default\">\n\t\t\t\t<div class=\"elementor-widget-container\">\n\t\t\t\t\t\t\t\t\t\t\t\t\t\t\t<img fetchpriority=\"high\" decoding=\"async\" width=\"2000\" height=\"1160\" src=\"https:\/\/helago-pharma.de\/wp-content\/uploads\/2025\/03\/Helago_Dentipur_Produkte_00.jpg\" class=\"attachment-full size-full wp-image-6388\" alt=\"\" srcset=\"https:\/\/helago-pharma.de\/wp-content\/uploads\/2025\/03\/Helago_Dentipur_Produkte_00.jpg 2000w, https:\/\/helago-pharma.de\/wp-content\/uploads\/2025\/03\/Helago_Dentipur_Produkte_00-300x174.jpg 300w, https:\/\/helago-pharma.de\/wp-content\/uploads\/2025\/03\/Helago_Dentipur_Produkte_00-1024x594.jpg 1024w, https:\/\/helago-pharma.de\/wp-content\/uploads\/2025\/03\/Helago_Dentipur_Produkte_00-768x445.jpg 768w, https:\/\/helago-pharma.de\/wp-content\/uploads\/2025\/03\/Helago_Dentipur_Produkte_00-1536x891.jpg 1536w, https:\/\/helago-pharma.de\/wp-content\/uploads\/2025\/03\/Helago_Dentipur_Produkte_00-18x10.jpg 18w\" sizes=\"(max-width: 2000px) 100vw, 2000px\" \/>\t\t\t\t\t\t\t\t\t\t\t\t\t\t\t<\/div>\n\t\t\t\t<\/div>\n\t\t\t\t\t<\/div>\n\t\t<\/div>\n\t\t\t\t\t<\/div>\n\t\t<\/section>\n\t\t\t\t<section data-particle_enable=\"false\" data-particle-mobile-disabled=\"false\" class=\"elementor-section elementor-top-section elementor-element elementor-element-275a0ae elementor-section-boxed elementor-section-height-default elementor-section-height-default elementor-invisible\" data-id=\"275a0ae\" data-element_type=\"section\" data-settings=\"{&quot;background_background&quot;:&quot;classic&quot;,&quot;animation&quot;:&quot;fadeInUp&quot;,&quot;animation_mobile&quot;:&quot;fadeIn&quot;}\">\n\t\t\t\t\t\t<div class=\"elementor-container elementor-column-gap-default\">\n\t\t\t\t\t<div class=\"elementor-column elementor-col-50 elementor-top-column elementor-element elementor-element-46b9b84 elementor-invisible\" data-id=\"46b9b84\" data-element_type=\"column\" data-settings=\"{&quot;animation&quot;:&quot;fadeInUp&quot;,&quot;animation_mobile&quot;:&quot;fadeIn&quot;}\">\n\t\t\t<div class=\"elementor-widget-wrap elementor-element-populated\">\n\t\t\t\t\t\t<div class=\"elementor-element elementor-element-abd0f45 eael-infobox-content-align--center eael-infobox-shape-square eael-infobox-hover-img-shape-square bdt-background-overlay-yes elementor-widget elementor-widget-eael-info-box\" data-id=\"abd0f45\" data-element_type=\"widget\" data-widget_type=\"eael-info-box.default\">\n\t\t\t\t<div class=\"elementor-widget-container\">\n\t\t\t\t\t        <div class=\"eael-infobox icon-on-top\">\n\t            <div class=\"infobox-icon\">\n\n                            <img decoding=\"async\" src=\"https:\/\/helago-pharma.de\/wp-content\/uploads\/2025\/03\/Icon_WhiteLabel_02.png\" alt=\"\">\n            \n            \n            \n        <\/div>\n            <div class=\"infobox-content\">\n                    <div class=\"infobox-title-section\">\n                <h2 class=\"title\">White Label<\/h2>            <\/div>\n                    <div class=\"infobox-button\">\n            <a class=\"eael-infobox-button\" href=\"https:\/\/helago-pharma.de\/en\/produkte\/white-label\/\">\n                                <span class=\"infobox-button-text\">more<\/span>\n                            <\/a>\n        <\/div>\n            <\/div>\n            <\/div>\n\n\t\t\t\t\t\t<\/div>\n\t\t\t\t<\/div>\n\t\t\t\t\t<\/div>\n\t\t<\/div>\n\t\t\t\t<div class=\"elementor-column elementor-col-50 elementor-top-column elementor-element elementor-element-66fae82 elementor-invisible\" data-id=\"66fae82\" data-element_type=\"column\" data-settings=\"{&quot;animation&quot;:&quot;fadeInUp&quot;,&quot;animation_mobile&quot;:&quot;fadeIn&quot;}\">\n\t\t\t<div class=\"elementor-widget-wrap elementor-element-populated\">\n\t\t\t\t\t\t<div class=\"elementor-element elementor-element-4dafb8b eael-infobox-content-align--center eael-infobox-shape-square eael-infobox-hover-img-shape-square bdt-background-overlay-yes elementor-widget elementor-widget-eael-info-box\" data-id=\"4dafb8b\" data-element_type=\"widget\" data-widget_type=\"eael-info-box.default\">\n\t\t\t\t<div class=\"elementor-widget-container\">\n\t\t\t\t\t        <div class=\"eael-infobox icon-on-top\">\n\t            <div class=\"infobox-icon\">\n\n                            <img decoding=\"async\" src=\"https:\/\/helago-pharma.de\/wp-content\/uploads\/2025\/03\/Icon_Eigenmarke_Dentipur_04.png\" alt=\"\">\n            \n            \n            \n        <\/div>\n            <div class=\"infobox-content\">\n                    <div class=\"infobox-title-section\">\n                <h2 class=\"title\">Helago\u00ae brand dentipur\u00ae<\/h2>            <\/div>\n                    <div class=\"infobox-button\">\n            <a class=\"eael-infobox-button\" href=\"https:\/\/helago-pharma.de\/en\/produkte\/dentipur\/\">\n                                <span class=\"infobox-button-text\">more<\/span>\n                            <\/a>\n        <\/div>\n            <\/div>\n            <\/div>\n\n\t\t\t\t\t\t<\/div>\n\t\t\t\t<\/div>\n\t\t\t\t\t<\/div>\n\t\t<\/div>\n\t\t\t\t\t<\/div>\n\t\t<\/section>\n\t\t\t\t<section data-particle_enable=\"false\" data-particle-mobile-disabled=\"false\" class=\"elementor-section elementor-top-section elementor-element elementor-element-2854be4 elementor-section-content-middle elementor-section-boxed elementor-section-height-default elementor-section-height-default\" data-id=\"2854be4\" data-element_type=\"section\" data-settings=\"{&quot;background_background&quot;:&quot;classic&quot;}\">\n\t\t\t\t\t\t<div class=\"elementor-container elementor-column-gap-no\">\n\t\t\t\t\t<div class=\"elementor-column elementor-col-50 elementor-top-column elementor-element elementor-element-d5f37c1\" data-id=\"d5f37c1\" data-element_type=\"column\" data-settings=\"{&quot;background_background&quot;:&quot;classic&quot;,&quot;animation&quot;:&quot;none&quot;}\">\n\t\t\t<div class=\"elementor-widget-wrap elementor-element-populated\">\n\t\t\t\t\t\t<div class=\"elementor-element elementor-element-0c30cb8 elementor-widget__width-initial elementor-widget-mobile__width-inherit animated-slow elementor-widget elementor-widget-heading\" data-id=\"0c30cb8\" data-element_type=\"widget\" data-settings=\"{&quot;_animation&quot;:&quot;none&quot;}\" data-widget_type=\"heading.default\">\n\t\t\t\t<div class=\"elementor-widget-container\">\n\t\t\t\t\t<h2 class=\"elementor-heading-title elementor-size-default\">You want to learn more about the products?<\/h2>\t\t\t\t<\/div>\n\t\t\t\t<\/div>\n\t\t\t\t<div class=\"elementor-element elementor-element-4b1fa9a elementor-widget__width-initial elementor-widget-mobile__width-inherit elementor-widget elementor-widget-heading\" data-id=\"4b1fa9a\" data-element_type=\"widget\" data-widget_type=\"heading.default\">\n\t\t\t\t<div class=\"elementor-widget-container\">\n\t\t\t\t\t<p class=\"elementor-heading-title elementor-size-default\">Get your individual consultation on product and packaging option and let us know your requirements \u2013 our service team will take care of all relevant issues.<\/p>\t\t\t\t<\/div>\n\t\t\t\t<\/div>\n\t\t\t\t<div class=\"elementor-element elementor-element-850fdd5 elementor-invisible elementor-widget elementor-widget-eael-creative-button\" data-id=\"850fdd5\" data-element_type=\"widget\" data-settings=\"{&quot;_animation&quot;:&quot;fadeIn&quot;}\" data-widget_type=\"eael-creative-button.default\">\n\t\t\t\t<div class=\"elementor-widget-container\">\n\t\t\t\t\t        <div class=\"eael-creative-button-wrapper\">\n\n            <a class=\"eael-creative-button eael-creative-button--antiman\" href=\"https:\/\/helago-pharma.de\/en\/anfrage\/\" data-text=\"Los geht&#039;s\">\n\n\t    \n                <div class=\"creative-button-inner\">\n\n                    \n                    <span class=\"cretive-button-text\">Get in touch now<\/span>\n\n                                            <span class=\"eael-creative-button-icon-right\"><\/span>                                    <\/div>\n\t                        <\/a>\n        <\/div>\n        \t\t\t\t<\/div>\n\t\t\t\t<\/div>\n\t\t\t\t\t<\/div>\n\t\t<\/div>\n\t\t\t\t<div class=\"elementor-column elementor-col-50 elementor-top-column elementor-element elementor-element-04c6080\" data-id=\"04c6080\" data-element_type=\"column\" data-settings=\"{&quot;background_background&quot;:&quot;classic&quot;,&quot;animation&quot;:&quot;none&quot;}\">\n\t\t\t<div class=\"elementor-widget-wrap elementor-element-populated\">\n\t\t\t\t\t<div class=\"elementor-background-overlay\"><\/div>\n\t\t\t\t\t\t<div class=\"elementor-element elementor-element-b78df8a elementor-widget elementor-widget-image\" data-id=\"b78df8a\" data-element_type=\"widget\" data-widget_type=\"image.default\">\n\t\t\t\t<div class=\"elementor-widget-container\">\n\t\t\t\t\t\t\t\t\t\t\t\t\t\t\t<img decoding=\"async\" width=\"900\" height=\"628\" src=\"https:\/\/helago-pharma.de\/wp-content\/uploads\/2024\/10\/BMP_OralCare_CTA_01.jpg\" class=\"attachment-full size-full wp-image-5987\" alt=\"\" srcset=\"https:\/\/helago-pharma.de\/wp-content\/uploads\/2024\/10\/BMP_OralCare_CTA_01.jpg 900w, https:\/\/helago-pharma.de\/wp-content\/uploads\/2024\/10\/BMP_OralCare_CTA_01-300x209.jpg 300w, https:\/\/helago-pharma.de\/wp-content\/uploads\/2024\/10\/BMP_OralCare_CTA_01-768x536.jpg 768w, https:\/\/helago-pharma.de\/wp-content\/uploads\/2024\/10\/BMP_OralCare_CTA_01-18x12.jpg 18w\" sizes=\"(max-width: 900px) 100vw, 900px\" \/>\t\t\t\t\t\t\t\t\t\t\t\t\t\t\t<\/div>\n\t\t\t\t<\/div>\n\t\t\t\t\t<\/div>\n\t\t<\/div>\n\t\t\t\t\t<\/div>\n\t\t<\/section>\n\t\t\t\t<\/div>","protected":false},"excerpt":{"rendered":"<p>Produkte Unsere Oral Care Produkte werden unter h\u00f6chsten Qualit\u00e4tsstandards ausschlie\u00dflich in Deutschland hergestellt. Seit Jahrzehnten werden Eigenmarken f\u00fcr nationale und internationale Partner in \u00fcber 40 L\u00e4ndern produziert, die auf Grundlage unserer bew\u00e4hrten Rezepturen basieren. Die Vielfalt unserer eigenen Rezepturen bietet Ihrer Erfolgsmarke eine Sortimentserweiterung punktgenau auf Ihre Zielm\u00e4rkte ausgerichtet. Erg\u00e4nzend dazu bieten wir je nach [&hellip;]<\/p>\n","protected":false},"author":1,"featured_media":0,"parent":0,"menu_order":0,"comment_status":"closed","ping_status":"closed","template":"elementor_header_footer","meta":{"footnotes":""},"class_list":["post-84","page","type-page","status-publish","hentry"],"yoast_head":"<!-- This site is optimized with the Yoast SEO plugin v27.3 - https:\/\/yoast.com\/product\/yoast-seo-wordpress\/ -->\n<title>Produkte - Helago Pharma<\/title>\n<meta name=\"robots\" content=\"index, follow, max-snippet:-1, max-image-preview:large, max-video-preview:-1\" \/>\n<link rel=\"canonical\" href=\"https:\/\/helago-pharma.de\/en\/produkte\/\" \/>\n<meta property=\"og:locale\" content=\"en_GB\" \/>\n<meta property=\"og:type\" content=\"article\" \/>\n<meta property=\"og:title\" content=\"Produkte - Helago Pharma\" \/>\n<meta property=\"og:description\" content=\"Produkte Unsere Oral Care Produkte werden unter h\u00f6chsten Qualit\u00e4tsstandards ausschlie\u00dflich in Deutschland hergestellt. Seit Jahrzehnten werden Eigenmarken f\u00fcr nationale und internationale Partner in \u00fcber 40 L\u00e4ndern produziert, die auf Grundlage unserer bew\u00e4hrten Rezepturen basieren. Die Vielfalt unserer eigenen Rezepturen bietet Ihrer Erfolgsmarke eine Sortimentserweiterung punktgenau auf Ihre Zielm\u00e4rkte ausgerichtet. Erg\u00e4nzend dazu bieten wir je nach [&hellip;]\" \/>\n<meta property=\"og:url\" content=\"https:\/\/helago-pharma.de\/en\/produkte\/\" \/>\n<meta property=\"og:site_name\" content=\"Helago Pharma\" \/>\n<meta property=\"article:modified_time\" content=\"2025-03-06T18:53:43+00:00\" \/>\n<meta property=\"og:image\" content=\"https:\/\/helago-pharma.de\/wp-content\/uploads\/2025\/03\/Helago_Dentipur_Produkte_00.jpg\" \/>\n\t<meta property=\"og:image:width\" content=\"2000\" \/>\n\t<meta property=\"og:image:height\" content=\"1160\" \/>\n\t<meta property=\"og:image:type\" content=\"image\/jpeg\" \/>\n<meta name=\"twitter:card\" content=\"summary_large_image\" \/>\n<meta name=\"twitter:label1\" content=\"Estimated reading time\" \/>\n\t<meta name=\"twitter:data1\" content=\"2 minutes\" \/>\n<script type=\"application\/ld+json\" class=\"yoast-schema-graph\">{\"@context\":\"https:\\\/\\\/schema.org\",\"@graph\":[{\"@type\":\"WebPage\",\"@id\":\"https:\\\/\\\/helago-pharma.de\\\/produkte\\\/\",\"url\":\"https:\\\/\\\/helago-pharma.de\\\/produkte\\\/\",\"name\":\"Produkte - Helago Pharma\",\"isPartOf\":{\"@id\":\"https:\\\/\\\/helago-pharma.de\\\/#website\"},\"primaryImageOfPage\":{\"@id\":\"https:\\\/\\\/helago-pharma.de\\\/produkte\\\/#primaryimage\"},\"image\":{\"@id\":\"https:\\\/\\\/helago-pharma.de\\\/produkte\\\/#primaryimage\"},\"thumbnailUrl\":\"https:\\\/\\\/helago-pharma.de\\\/wp-content\\\/uploads\\\/2025\\\/03\\\/Helago_Dentipur_Produkte_00.jpg\",\"datePublished\":\"2023-06-28T07:07:25+00:00\",\"dateModified\":\"2025-03-06T18:53:43+00:00\",\"breadcrumb\":{\"@id\":\"https:\\\/\\\/helago-pharma.de\\\/produkte\\\/#breadcrumb\"},\"inLanguage\":\"en-GB\",\"potentialAction\":[{\"@type\":\"ReadAction\",\"target\":[\"https:\\\/\\\/helago-pharma.de\\\/produkte\\\/\"]}]},{\"@type\":\"ImageObject\",\"inLanguage\":\"en-GB\",\"@id\":\"https:\\\/\\\/helago-pharma.de\\\/produkte\\\/#primaryimage\",\"url\":\"https:\\\/\\\/helago-pharma.de\\\/wp-content\\\/uploads\\\/2025\\\/03\\\/Helago_Dentipur_Produkte_00.jpg\",\"contentUrl\":\"https:\\\/\\\/helago-pharma.de\\\/wp-content\\\/uploads\\\/2025\\\/03\\\/Helago_Dentipur_Produkte_00.jpg\"},{\"@type\":\"BreadcrumbList\",\"@id\":\"https:\\\/\\\/helago-pharma.de\\\/produkte\\\/#breadcrumb\",\"itemListElement\":[{\"@type\":\"ListItem\",\"position\":1,\"name\":\"Startseite\",\"item\":\"https:\\\/\\\/helago-pharma.de\\\/\"},{\"@type\":\"ListItem\",\"position\":2,\"name\":\"Produkte\"}]},{\"@type\":\"WebSite\",\"@id\":\"https:\\\/\\\/helago-pharma.de\\\/#website\",\"url\":\"https:\\\/\\\/helago-pharma.de\\\/\",\"name\":\"Helago Pharma\",\"description\":\"Mundhygiene\",\"publisher\":{\"@id\":\"https:\\\/\\\/helago-pharma.de\\\/#organization\"},\"potentialAction\":[{\"@type\":\"SearchAction\",\"target\":{\"@type\":\"EntryPoint\",\"urlTemplate\":\"https:\\\/\\\/helago-pharma.de\\\/?s={search_term_string}\"},\"query-input\":{\"@type\":\"PropertyValueSpecification\",\"valueRequired\":true,\"valueName\":\"search_term_string\"}}],\"inLanguage\":\"en-GB\"},{\"@type\":\"Organization\",\"@id\":\"https:\\\/\\\/helago-pharma.de\\\/#organization\",\"name\":\"BMP Production GmbH\",\"url\":\"https:\\\/\\\/helago-pharma.de\\\/\",\"logo\":{\"@type\":\"ImageObject\",\"inLanguage\":\"en-GB\",\"@id\":\"https:\\\/\\\/helago-pharma.de\\\/#\\\/schema\\\/logo\\\/image\\\/\",\"url\":\"https:\\\/\\\/helago-pharma.de\\\/wp-content\\\/uploads\\\/2023\\\/06\\\/BMP_Production_Logo_Pos_RGB_600px.png\",\"contentUrl\":\"https:\\\/\\\/helago-pharma.de\\\/wp-content\\\/uploads\\\/2023\\\/06\\\/BMP_Production_Logo_Pos_RGB_600px.png\",\"width\":600,\"height\":213,\"caption\":\"BMP Production GmbH\"},\"image\":{\"@id\":\"https:\\\/\\\/helago-pharma.de\\\/#\\\/schema\\\/logo\\\/image\\\/\"}}]}<\/script>\n<!-- \/ Yoast SEO plugin. -->","yoast_head_json":{"title":"Produkte - Helago Pharma","robots":{"index":"index","follow":"follow","max-snippet":"max-snippet:-1","max-image-preview":"max-image-preview:large","max-video-preview":"max-video-preview:-1"},"canonical":"https:\/\/helago-pharma.de\/en\/produkte\/","og_locale":"en_GB","og_type":"article","og_title":"Produkte - Helago Pharma","og_description":"Produkte Unsere Oral Care Produkte werden unter h\u00f6chsten Qualit\u00e4tsstandards ausschlie\u00dflich in Deutschland hergestellt. Seit Jahrzehnten werden Eigenmarken f\u00fcr nationale und internationale Partner in \u00fcber 40 L\u00e4ndern produziert, die auf Grundlage unserer bew\u00e4hrten Rezepturen basieren. Die Vielfalt unserer eigenen Rezepturen bietet Ihrer Erfolgsmarke eine Sortimentserweiterung punktgenau auf Ihre Zielm\u00e4rkte ausgerichtet. Erg\u00e4nzend dazu bieten wir je nach [&hellip;]","og_url":"https:\/\/helago-pharma.de\/en\/produkte\/","og_site_name":"Helago Pharma","article_modified_time":"2025-03-06T18:53:43+00:00","og_image":[{"width":2000,"height":1160,"url":"https:\/\/helago-pharma.de\/wp-content\/uploads\/2025\/03\/Helago_Dentipur_Produkte_00.jpg","type":"image\/jpeg"}],"twitter_card":"summary_large_image","twitter_misc":{"Estimated reading time":"2 minutes"},"schema":{"@context":"https:\/\/schema.org","@graph":[{"@type":"WebPage","@id":"https:\/\/helago-pharma.de\/produkte\/","url":"https:\/\/helago-pharma.de\/produkte\/","name":"Produkte - Helago Pharma","isPartOf":{"@id":"https:\/\/helago-pharma.de\/#website"},"primaryImageOfPage":{"@id":"https:\/\/helago-pharma.de\/produkte\/#primaryimage"},"image":{"@id":"https:\/\/helago-pharma.de\/produkte\/#primaryimage"},"thumbnailUrl":"https:\/\/helago-pharma.de\/wp-content\/uploads\/2025\/03\/Helago_Dentipur_Produkte_00.jpg","datePublished":"2023-06-28T07:07:25+00:00","dateModified":"2025-03-06T18:53:43+00:00","breadcrumb":{"@id":"https:\/\/helago-pharma.de\/produkte\/#breadcrumb"},"inLanguage":"en-GB","potentialAction":[{"@type":"ReadAction","target":["https:\/\/helago-pharma.de\/produkte\/"]}]},{"@type":"ImageObject","inLanguage":"en-GB","@id":"https:\/\/helago-pharma.de\/produkte\/#primaryimage","url":"https:\/\/helago-pharma.de\/wp-content\/uploads\/2025\/03\/Helago_Dentipur_Produkte_00.jpg","contentUrl":"https:\/\/helago-pharma.de\/wp-content\/uploads\/2025\/03\/Helago_Dentipur_Produkte_00.jpg"},{"@type":"BreadcrumbList","@id":"https:\/\/helago-pharma.de\/produkte\/#breadcrumb","itemListElement":[{"@type":"ListItem","position":1,"name":"Startseite","item":"https:\/\/helago-pharma.de\/"},{"@type":"ListItem","position":2,"name":"Produkte"}]},{"@type":"WebSite","@id":"https:\/\/helago-pharma.de\/#website","url":"https:\/\/helago-pharma.de\/","name":"Helago Pharma","description":"Mundhygiene","publisher":{"@id":"https:\/\/helago-pharma.de\/#organization"},"potentialAction":[{"@type":"SearchAction","target":{"@type":"EntryPoint","urlTemplate":"https:\/\/helago-pharma.de\/?s={search_term_string}"},"query-input":{"@type":"PropertyValueSpecification","valueRequired":true,"valueName":"search_term_string"}}],"inLanguage":"en-GB"},{"@type":"Organization","@id":"https:\/\/helago-pharma.de\/#organization","name":"BMP Production GmbH","url":"https:\/\/helago-pharma.de\/","logo":{"@type":"ImageObject","inLanguage":"en-GB","@id":"https:\/\/helago-pharma.de\/#\/schema\/logo\/image\/","url":"https:\/\/helago-pharma.de\/wp-content\/uploads\/2023\/06\/BMP_Production_Logo_Pos_RGB_600px.png","contentUrl":"https:\/\/helago-pharma.de\/wp-content\/uploads\/2023\/06\/BMP_Production_Logo_Pos_RGB_600px.png","width":600,"height":213,"caption":"BMP Production GmbH"},"image":{"@id":"https:\/\/helago-pharma.de\/#\/schema\/logo\/image\/"}}]}},"_links":{"self":[{"href":"https:\/\/helago-pharma.de\/en\/wp-json\/wp\/v2\/pages\/84","targetHints":{"allow":["GET"]}}],"collection":[{"href":"https:\/\/helago-pharma.de\/en\/wp-json\/wp\/v2\/pages"}],"about":[{"href":"https:\/\/helago-pharma.de\/en\/wp-json\/wp\/v2\/types\/page"}],"author":[{"embeddable":true,"href":"https:\/\/helago-pharma.de\/en\/wp-json\/wp\/v2\/users\/1"}],"replies":[{"embeddable":true,"href":"https:\/\/helago-pharma.de\/en\/wp-json\/wp\/v2\/comments?post=84"}],"version-history":[{"count":11,"href":"https:\/\/helago-pharma.de\/en\/wp-json\/wp\/v2\/pages\/84\/revisions"}],"predecessor-version":[{"id":6957,"href":"https:\/\/helago-pharma.de\/en\/wp-json\/wp\/v2\/pages\/84\/revisions\/6957"}],"wp:attachment":[{"href":"https:\/\/helago-pharma.de\/en\/wp-json\/wp\/v2\/media?parent=84"}],"curies":[{"name":"wp","href":"https:\/\/api.w.org\/{rel}","templated":true}]}}